{"id":183,"date":"2024-03-14T23:07:39","date_gmt":"2024-03-14T22:07:39","guid":{"rendered":"https:\/\/explorandolared.com\/?page_id=183"},"modified":"2024-03-24T13:27:04","modified_gmt":"2024-03-24T12:27:04","slug":"aviso-legal","status":"publish","type":"page","link":"https:\/\/explorandolared.com\/index.php\/aviso-legal\/","title":{"rendered":"Aviso Legal"},"content":{"rendered":"\n<p><strong>ExplorandoLaRed.com<\/strong>  pertenece a V\u00edctor Caracuel Cabrera.<\/p>\n\n\n\n<p>\u200b<\/p>\n\n\n\n<p>Para contactar con nosotros, dir\u00edjase  a la direcci\u00f3n de correo info@explorandolared.com<\/p>\n\n\n\n<p><\/p>\n\n\n\n<h2 class=\"wp-block-heading\">\u200bResponsabilidad<\/h2>\n\n\n\n<p><strong>ExplorandoLaRed.com <\/strong>no se hace responsable de los problemas t\u00e9cnicos que surjan en la web.<\/p>\n\n\n\n<p>\u200b\u200bEl editor web no se hace responsable de los problemas que puedan surgir en todas las dem\u00e1s p\u00e1ginas web a las que se establezcan enlaces, o de cualquier otra informaci\u00f3n publicada en ellas, as\u00ed como de las consecuencias de su utilizaci\u00f3n.<\/p>\n\n\n\n<h2 class=\"wp-block-heading\">Afiliado de Amazon<\/h2>\n\n\n\n<p>En calidad de Afiliado de Amazon, obtengo ingresos por las compras adscritas que cumplen los requisitos aplicables<\/p>\n","protected":false},"excerpt":{"rendered":"<p>ExplorandoLaRed.com pertenece a V\u00edctor Caracuel Cabrera. \u200b Para contactar con nosotros, dir\u00edjase a la direcci\u00f3n de correo info@explorandolared.com \u200bResponsabilidad ExplorandoLaRed.com no se hace responsable de los problemas t\u00e9cnicos que surjan en la web. \u200b\u200bEl editor web no se hace responsable de los problemas que puedan surgir en todas las dem\u00e1s p\u00e1ginas web a las que [&hellip;]<\/p>\n","protected":false},"author":1,"featured_media":0,"parent":0,"menu_order":0,"comment_status":"closed","ping_status":"closed","template":"","meta":{"om_disable_all_campaigns":false,"_uag_custom_page_level_css":"","_monsterinsights_skip_tracking":false,"_monsterinsights_sitenote_active":false,"_monsterinsights_sitenote_note":"","_monsterinsights_sitenote_category":0,"footnotes":""},"aioseo_notices":[],"uagb_featured_image_src":{"full":false,"thumbnail":false,"medium":false,"medium_large":false,"large":false,"1536x1536":false,"2048x2048":false,"blogarise-slider-full":false,"blogarise-featured":false,"blogarise-medium":false},"uagb_author_info":{"display_name":"explorandolared.com","author_link":"https:\/\/explorandolared.com\/index.php\/author\/explorandolared-com\/"},"uagb_comment_info":0,"uagb_excerpt":"ExplorandoLaRed.com pertenece a V\u00edctor Caracuel Cabrera. \u200b Para contactar con nosotros, dir\u00edjase a la direcci\u00f3n de correo info@explorandolared.com \u200bResponsabilidad ExplorandoLaRed.com no se hace responsable de los problemas t\u00e9cnicos que surjan en la web. \u200b\u200bEl editor web no se hace responsable de los problemas que puedan surgir en todas las dem\u00e1s p\u00e1ginas web a las que&hellip;","_links":{"self":[{"href":"https:\/\/explorandolared.com\/index.php\/wp-json\/wp\/v2\/pages\/183"}],"collection":[{"href":"https:\/\/explorandolared.com\/index.php\/wp-json\/wp\/v2\/pages"}],"about":[{"href":"https:\/\/explorandolared.com\/index.php\/wp-json\/wp\/v2\/types\/page"}],"author":[{"embeddable":true,"href":"https:\/\/explorandolared.com\/index.php\/wp-json\/wp\/v2\/users\/1"}],"replies":[{"embeddable":true,"href":"https:\/\/explorandolared.com\/index.php\/wp-json\/wp\/v2\/comments?post=183"}],"version-history":[{"count":2,"href":"https:\/\/explorandolared.com\/index.php\/wp-json\/wp\/v2\/pages\/183\/revisions"}],"predecessor-version":[{"id":188,"href":"https:\/\/explorandolared.com\/index.php\/wp-json\/wp\/v2\/pages\/183\/revisions\/188"}],"wp:attachment":[{"href":"https:\/\/explorandolared.com\/index.php\/wp-json\/wp\/v2\/media?parent=183"}],"curies":[{"name":"wp","href":"https:\/\/api.w.org\/{rel}","templated":true}]}}